{"id":2,"date":"2013-11-15T16:06:55","date_gmt":"2013-11-15T16:06:55","guid":{"rendered":"http:\/\/localhost\/peterschnell\/?page_id=2"},"modified":"2021-06-02T20:20:59","modified_gmt":"2021-06-02T18:20:59","slug":"beispiel-seite","status":"publish","type":"page","link":"http:\/\/schnell-musik.de\/?page_id=2","title":{"rendered":"\u00dcber uns"},"content":{"rendered":"<pre><a href=\"http:\/\/schnell-musik.de\/wp-content\/uploads\/2013\/12\/Peter-Schnell.jpg\"><img loading=\"lazy\" decoding=\"async\" class=\"aligncenter size-large wp-image-1318\" src=\"http:\/\/schnell-musik.de\/wp-content\/uploads\/2013\/12\/Peter-Schnell-1024x1024.jpg\" alt=\"Peter Schnell\" width=\"940\" height=\"940\" srcset=\"http:\/\/schnell-musik.de\/wp-content\/uploads\/2013\/12\/Peter-Schnell-1024x1024.jpg 1024w, http:\/\/schnell-musik.de\/wp-content\/uploads\/2013\/12\/Peter-Schnell-150x150.jpg 150w, http:\/\/schnell-musik.de\/wp-content\/uploads\/2013\/12\/Peter-Schnell-300x300.jpg 300w, http:\/\/schnell-musik.de\/wp-content\/uploads\/2013\/12\/Peter-Schnell-450x450.jpg 450w, http:\/\/schnell-musik.de\/wp-content\/uploads\/2013\/12\/Peter-Schnell-610x610.jpg 610w, http:\/\/schnell-musik.de\/wp-content\/uploads\/2013\/12\/Peter-Schnell.jpg 1046w\" sizes=\"auto, (max-width: 940px) 100vw, 940px\" \/><\/a><\/pre>\n<h2 style=\"text-align: left;\"><span style=\"color: #333333;\"><span style=\"font-family: 'Arial Narrow', sans-serif;\"><span style=\"font-size: medium;\">Die MUSIKPRODUKTION PETER SCHNELL produziert in verschiedenen Teams (je nach Musik-Genre) <\/span><\/span><\/span><span style=\"color: #333333;\"><span style=\"font-family: 'Arial Narrow', sans-serif;\"><span style=\"font-size: medium;\">seit 1989 Musik in den Bereichen <strong>POP \/ DANCE \/ SCHLAGER \/ DISCO-FOX. <\/strong><\/span><\/span><\/span><span style=\"color: #333333;\"><span style=\"font-family: 'Arial Narrow', sans-serif;\"><span style=\"font-size: medium;\">Des Weiteren haben wir Pionier-Arbeit in Sachen <strong>RUHRGEBIETSMUSIK<\/strong> geleistet, <\/span><\/span><\/span><span style=\"color: #333333;\"><span style=\"font-family: 'Arial Narrow', sans-serif;\"><span style=\"font-size: medium;\">seit \u00fcber 25 Jahren produzieren, verbreiten und spielen wir RUHRGEBIETSMUSIK in diversen Projekten <\/span><\/span><\/span><span style=\"color: #333333;\"><span style=\"font-family: 'Arial Narrow', sans-serif;\"><span style=\"font-size: medium;\">und mit Bands wie z.B. <strong>RUHRSCHNELLWEG<\/strong>.<\/span><\/span><\/span><\/h2>\n<p style=\"text-align: left;\"><span style=\"color: #333333;\">\u00a0<\/span><\/p>\n<h2 style=\"text-align: left;\"><span style=\"color: #333333;\"><span style=\"font-family: 'Arial Narrow', sans-serif;\"><span style=\"font-size: medium;\">F\u00fcr die Ver\u00f6ffentlichung unserer Produktionen stehen zwei Label zur Verf\u00fcgung: <\/span><\/span><\/span><\/h2>\n<h2 style=\"text-align: left;\"><span style=\"color: #333333;\"><span style=\"font-family: 'Arial Narrow', sans-serif;\"><span style=\"font-size: medium;\">1. <strong>HitBude \u2013 LC28653<\/strong> \u2013 das Label f\u00fcr Popmusik im weitesten Sinne. <\/span><\/span><\/span><\/h2>\n<h2 style=\"text-align: left;\"><span style=\"color: #333333;\"><span style=\"font-family: 'Arial Narrow', sans-serif;\"><span style=\"font-size: medium;\">2. <strong>EigenSinn \u2013 LC13334<\/strong> \u2013 das Label f\u00fcr anspruchsvolle Produktionen.<\/span><\/span><\/span><\/h2>\n<h2 style=\"text-align: left;\"><span style=\"color: #333333;\">\u00a0<\/span><\/h2>\n<p><span class=\"Apple-style-span\" style=\"font-family: Consolas, Monaco, monospace; font-size: 12px; line-height: 18px; white-space: pre; font-weight: normal;\"><span style=\"color: #333333;\"><span style=\"font-family: 'Arial Narrow', sans-serif;\"><span style=\"font-size: medium;\">Unser digitaler Vertriebspartner ist <strong>Uniqueopia<\/strong>, nach digitaler Ver\u00f6ffentlichung stehen <\/span><\/span><\/span><\/span><span class=\"Apple-style-span\" style=\"font-family: Consolas, Monaco, monospace; font-size: 12px; line-height: 18px; white-space: pre; font-weight: normal;\"><span style=\"color: #333333;\"><span style=\"font-family: 'Arial Narrow', sans-serif;\"><span style=\"font-size: medium;\">unsere Produkte in allen MP3-Shops (ca 300 weltweit) <\/span><\/span><\/span><\/span><\/p>\n<p><span class=\"Apple-style-span\" style=\"font-family: Consolas, Monaco, monospace; font-size: 12px; line-height: 18px; white-space: pre; font-weight: normal;\"><span style=\"color: #333333;\"><span style=\"font-family: 'Arial Narrow', sans-serif;\"><span style=\"font-size: medium;\">wie<strong> Amazon, iTunes, musicload<\/strong> usw als Download, wie auch auf allen Streaming-Portalen bereit.<\/span><\/span><\/span><\/span><\/p>\n<p><span class=\"Apple-style-span\" style=\"font-family: Consolas, Monaco, monospace; font-size: 12px; line-height: 18px; white-space: pre; font-weight: normal;\"><span style=\"color: #333333;\"><span style=\"font-family: 'Arial Narrow', sans-serif;\"><span style=\"font-size: medium;\">Unsere bundesweite Rundfunkbemusterung schalten wir \u00fcber <strong>MPN<\/strong> (Music Promotion Network), <\/span><\/span><\/span><\/span><\/p>\n<p><span class=\"Apple-style-span\" style=\"font-family: Consolas, Monaco, monospace; font-size: 12px; line-height: 18px; white-space: pre; font-weight: normal;\"><span style=\"color: #333333;\"><span style=\"font-family: 'Arial Narrow', sans-serif;\"><span style=\"font-size: medium;\">die bundesweite Discothekenbemusterung \u00fcber <strong>Dance-Charts<\/strong> (Dance,Club) und <strong>DJ-Promotionpool<\/strong> (Schlager, Disco-Fox).<\/span><\/span><\/span><\/span><\/p>\n<h2><span style=\"color: #333333;\">\u00a0<\/span><\/h2>\n<h2 style=\"text-align: left;\"><span style=\"color: #333333;\"><span style=\"font-family: 'Arial Narrow', sans-serif;\"><span style=\"font-size: medium;\">\u00dcber unsere Arbeit und deren Ergebnisse k\u00f6nnen Sie sich gerne auf den <\/span><\/span><\/span><span style=\"color: #333333;\"><span style=\"font-family: 'Arial Narrow', sans-serif;\"><span style=\"font-size: medium;\">verschiedenen Musik-Genre-Seiten informieren und nat\u00fcrlich auch mal reinh\u00f6ren. <\/span><\/span><\/span><span style=\"color: #333333;\"><span style=\"font-family: 'Arial Narrow', sans-serif;\"><span style=\"font-size: medium;\">Nach Anklicken des Covers erscheint rechts die Track-Liste.<\/span><\/span><\/span><\/h2>\n<p>&nbsp;<\/p>\n<p>www.schnell-musik.de<\/p>\n<p>\u00dcber uns<\/p>\n","protected":false},"excerpt":{"rendered":"<p>Die MUSIKPRODUKTION PETER SCHNELL produziert in verschiedenen Teams (je nach Musik-Genre) seit 1989 Musik in den Bereichen POP \/ DANCE \/ SCHLAGER \/ DISCO-FOX. Des Weiteren haben wir Pionier-Arbeit in Sachen RUHRGEBIETSMUSIK geleistet, seit \u00fcber 25 Jahren produzieren, verbreiten und spielen wir RUHRGEBIETSMUSIK in diversen Projekten und mit Bands wie z.B. RUHRSCHNELLWEG. \u00a0 F\u00fcr die [&hellip;]<\/p>\n","protected":false},"author":1,"featured_media":0,"parent":0,"menu_order":0,"comment_status":"open","ping_status":"open","template":"","meta":{"footnotes":""},"class_list":["post-2","page","type-page","status-publish","hentry"],"_links":{"self":[{"href":"http:\/\/schnell-musik.de\/index.php?rest_route=\/wp\/v2\/pages\/2","targetHints":{"allow":["GET"]}}],"collection":[{"href":"http:\/\/schnell-musik.de\/index.php?rest_route=\/wp\/v2\/pages"}],"about":[{"href":"http:\/\/schnell-musik.de\/index.php?rest_route=\/wp\/v2\/types\/page"}],"author":[{"embeddable":true,"href":"http:\/\/schnell-musik.de\/index.php?rest_route=\/wp\/v2\/users\/1"}],"replies":[{"embeddable":true,"href":"http:\/\/schnell-musik.de\/index.php?rest_route=%2Fwp%2Fv2%2Fcomments&post=2"}],"version-history":[{"count":76,"href":"http:\/\/schnell-musik.de\/index.php?rest_route=\/wp\/v2\/pages\/2\/revisions"}],"predecessor-version":[{"id":1731,"href":"http:\/\/schnell-musik.de\/index.php?rest_route=\/wp\/v2\/pages\/2\/revisions\/1731"}],"wp:attachment":[{"href":"http:\/\/schnell-musik.de\/index.php?rest_route=%2Fwp%2Fv2%2Fmedia&parent=2"}],"curies":[{"name":"wp","href":"https:\/\/api.w.org\/{rel}","templated":true}]}}