{"id":283,"date":"2013-12-08T15:42:36","date_gmt":"2013-12-08T13:42:36","guid":{"rendered":"http:\/\/schnell-musik.de\/?page_id=283"},"modified":"2016-09-01T18:48:49","modified_gmt":"2016-09-01T16:48:49","slug":"musik-aus-dem-ruhrgebiet","status":"publish","type":"page","link":"http:\/\/schnell-musik.de\/?page_id=283","title":{"rendered":"Ruhrgebiets-Musik"},"content":{"rendered":"<h1 style=\"text-align: center;\"><span style=\"font-family: Arial, sans-serif;\"><span style=\"font-size: large;\">Zusammen mit unserem Freund und Partner Viktor Seroneit, der leider 2011 viel zu fr\u00fch verstorben ist, pflegen wir seit \u00fcber 25 Jahren die Ruhrgebietsmusik. Wir geh\u00f6ren zu den Ruhrgebiets-Song-Schreibern der ersten Stunde und heute werden die Mitglieder der Gruppe Ruhrschnellweg nicht ohne Grund\u00a0<\/span><\/span><span style=\"font-family: Arial, sans-serif;\">\u201cDie musikalischen Botschafter des Ruhrgebiets\u201d genannt.<\/span><\/h1>\n<h1 style=\"text-align: center;\">Hier einige Ergebnisse unserer Arbeit:<\/h1>\n<h1 style=\"text-align: center;\">Komposition, Text, Arrangement und\/oder Produktion<\/h1>\n<h1 style=\"text-align: center;\">f\u00fcr und mit&#8230;<\/h1>\n<h3 style=\"text-align: center;\"><\/h3>\n<p>Ruhrgebiets-Musik<\/p>\n","protected":false},"excerpt":{"rendered":"<p>Zusammen mit unserem Freund und Partner Viktor Seroneit, der leider 2011 viel zu fr\u00fch verstorben ist, pflegen wir seit \u00fcber 25 Jahren die Ruhrgebietsmusik. Wir geh\u00f6ren zu den Ruhrgebiets-Song-Schreibern der ersten Stunde und heute werden die Mitglieder der Gruppe Ruhrschnellweg nicht ohne Grund\u00a0\u201cDie musikalischen Botschafter des Ruhrgebiets\u201d genannt. Hier einige Ergebnisse unserer Arbeit: Komposition, Text, [&hellip;]<\/p>\n","protected":false},"author":1,"featured_media":0,"parent":0,"menu_order":0,"comment_status":"open","ping_status":"open","template":"template-releases.php","meta":{"footnotes":""},"class_list":["post-283","page","type-page","status-publish","hentry"],"_links":{"self":[{"href":"http:\/\/schnell-musik.de\/index.php?rest_route=\/wp\/v2\/pages\/283","targetHints":{"allow":["GET"]}}],"collection":[{"href":"http:\/\/schnell-musik.de\/index.php?rest_route=\/wp\/v2\/pages"}],"about":[{"href":"http:\/\/schnell-musik.de\/index.php?rest_route=\/wp\/v2\/types\/page"}],"author":[{"embeddable":true,"href":"http:\/\/schnell-musik.de\/index.php?rest_route=\/wp\/v2\/users\/1"}],"replies":[{"embeddable":true,"href":"http:\/\/schnell-musik.de\/index.php?rest_route=%2Fwp%2Fv2%2Fcomments&post=283"}],"version-history":[{"count":25,"href":"http:\/\/schnell-musik.de\/index.php?rest_route=\/wp\/v2\/pages\/283\/revisions"}],"predecessor-version":[{"id":1527,"href":"http:\/\/schnell-musik.de\/index.php?rest_route=\/wp\/v2\/pages\/283\/revisions\/1527"}],"wp:attachment":[{"href":"http:\/\/schnell-musik.de\/index.php?rest_route=%2Fwp%2Fv2%2Fmedia&parent=283"}],"curies":[{"name":"wp","href":"https:\/\/api.w.org\/{rel}","templated":true}]}}